{"id":797,"date":"2025-10-21T14:55:01","date_gmt":"2025-10-21T14:55:01","guid":{"rendered":"https:\/\/northwesternpr.com\/?page_id=797"},"modified":"2025-12-24T14:01:06","modified_gmt":"2025-12-24T14:01:06","slug":"equipo","status":"publish","type":"page","link":"https:\/\/northwesternpr.com\/en\/equipo\/","title":{"rendered":"TEAM"},"content":{"rendered":"<div data-elementor-type=\"wp-page\" data-elementor-id=\"797\" class=\"elementor elementor-797\">\n\t\t\t\t<div class=\"elementor-element elementor-element-e94f533 e-flex e-con-boxed e-con e-parent\" data-id=\"e94f533\" data-element_type=\"container\" data-e-type=\"container\" data-settings=\"{&quot;background_background&quot;:&quot;classic&quot;}\">\n\t\t\t\t\t<div class=\"e-con-inner\">\n\t\t<div class=\"elementor-element elementor-element-dba8ee2 e-con-full e-flex e-con e-child\" data-id=\"dba8ee2\" data-element_type=\"container\" data-e-type=\"container\">\n\t\t\t\t<div class=\"elementor-element elementor-element-2d53483 elementor-widget-mobile__width-inherit elementor-widget elementor-widget-heading\" data-id=\"2d53483\" data-element_type=\"widget\" data-e-type=\"widget\" data-widget_type=\"heading.default\">\n\t\t\t\t<div class=\"elementor-widget-container\">\n\t\t\t\t\t<h1 class=\"elementor-heading-title elementor-size-default\">TEAM<\/h1>\t\t\t\t<\/div>\n\t\t\t\t<\/div>\n\t\t\t\t<\/div>\n\t\t<div class=\"elementor-element elementor-element-a4a764a e-con-full e-flex e-con e-child\" data-id=\"a4a764a\" data-element_type=\"container\" data-e-type=\"container\">\n\t\t\t\t<div class=\"elementor-element elementor-element-2ada834 elementor-widget elementor-widget-image\" data-id=\"2ada834\" data-element_type=\"widget\" data-e-type=\"widget\" data-widget_type=\"image.default\">\n\t\t\t\t<div class=\"elementor-widget-container\">\n\t\t\t\t\t\t\t\t\t\t\t\t\t\t\t<img fetchpriority=\"high\" decoding=\"async\" width=\"700\" height=\"372\" src=\"https:\/\/northwesternpr.com\/wp-content\/uploads\/2025\/10\/700-17.png\" class=\"attachment-large size-large wp-image-995\" alt=\"700 (17)\" srcset=\"https:\/\/northwesternpr.com\/wp-content\/uploads\/2025\/10\/700-17.png 700w, https:\/\/northwesternpr.com\/wp-content\/uploads\/2025\/10\/700-17-300x159.png 300w\" sizes=\"(max-width: 700px) 100vw, 700px\" \/>\t\t\t\t\t\t\t\t\t\t\t\t\t\t\t<\/div>\n\t\t\t\t<\/div>\n\t\t\t\t<\/div>\n\t\t\t\t\t<\/div>\n\t\t\t\t<\/div>\n\t\t<div class=\"elementor-element elementor-element-6c5c2dad e-flex e-con-boxed e-con e-parent\" data-id=\"6c5c2dad\" data-element_type=\"container\" data-e-type=\"container\" data-settings=\"{&quot;background_background&quot;:&quot;classic&quot;}\">\n\t\t\t\t\t<div class=\"e-con-inner\">\n\t\t<div class=\"elementor-element elementor-element-37e2dae9 e-con-full e-flex e-con e-child\" data-id=\"37e2dae9\" data-element_type=\"container\" data-e-type=\"container\">\n\t\t<div class=\"elementor-element elementor-element-5f62886f e-flex e-con-boxed e-con e-child\" data-id=\"5f62886f\" data-element_type=\"container\" data-e-type=\"container\">\n\t\t\t\t\t<div class=\"e-con-inner\">\n\t\t<div class=\"elementor-element elementor-element-2382dd9 e-con-full e-flex e-con e-child\" data-id=\"2382dd9\" data-element_type=\"container\" data-e-type=\"container\">\n\t\t\t\t<div class=\"elementor-element elementor-element-4a9de05 elementor-widget elementor-widget-heading\" data-id=\"4a9de05\" data-element_type=\"widget\" data-e-type=\"widget\" data-widget_type=\"heading.default\">\n\t\t\t\t<div class=\"elementor-widget-container\">\n\t\t\t\t\t<h4 class=\"elementor-heading-title elementor-size-default\">Meet the team that makes the difference.<\/h4>\t\t\t\t<\/div>\n\t\t\t\t<\/div>\n\t\t\t\t<\/div>\n\t\t<div class=\"elementor-element elementor-element-2148f79e e-con-full e-flex e-con e-child\" data-id=\"2148f79e\" data-element_type=\"container\" data-e-type=\"container\">\n\t\t\t\t<div class=\"elementor-element elementor-element-67e793f9 elementor-widget elementor-widget-text-editor\" data-id=\"67e793f9\" data-element_type=\"widget\" data-e-type=\"widget\" data-widget_type=\"text-editor.default\">\n\t\t\t\t<div class=\"elementor-widget-container\">\n\t\t\t\t\t\t\t\t\t<p>Our team has over 50 years of combined experience in condominium<br \/>management, accounting services, security, customer service,<br \/>managing external suppliers, and maintaining common areas<br \/>and neighborhood facilities.<\/p>\t\t\t\t\t\t\t\t<\/div>\n\t\t\t\t<\/div>\n\t\t\t\t<\/div>\n\t\t\t\t\t<\/div>\n\t\t\t\t<\/div>\n\t\t\t\t<\/div>\n\t\t\t\t\t<\/div>\n\t\t\t\t<\/div>\n\t\t<div class=\"elementor-element elementor-element-3a8c936 e-flex e-con-boxed e-con e-parent\" data-id=\"3a8c936\" data-element_type=\"container\" data-e-type=\"container\">\n\t\t\t\t\t<div class=\"e-con-inner\">\n\t\t\t\t<div class=\"elementor-element elementor-element-c946eec elementor-widget__width-initial elementor-widget elementor-widget-heading\" data-id=\"c946eec\" data-element_type=\"widget\" data-e-type=\"widget\" data-widget_type=\"heading.default\">\n\t\t\t\t<div class=\"elementor-widget-container\">\n\t\t\t\t\t<h4 class=\"elementor-heading-title elementor-size-default\">We serve the community&#039;s needs and excel at:<\/h4>\t\t\t\t<\/div>\n\t\t\t\t<\/div>\n\t\t\t\t\t<\/div>\n\t\t\t\t<\/div>\n\t\t<div class=\"elementor-element elementor-element-cf63729 e-flex e-con-boxed e-con e-parent\" data-id=\"cf63729\" data-element_type=\"container\" data-e-type=\"container\">\n\t\t\t\t\t<div class=\"e-con-inner\">\n\t\t\t\t<div class=\"elementor-element elementor-element-6b9c4b1 elementor-widget elementor-widget-text-editor\" data-id=\"6b9c4b1\" data-element_type=\"widget\" data-e-type=\"widget\" data-widget_type=\"text-editor.default\">\n\t\t\t\t<div class=\"elementor-widget-container\">\n\t\t\t\t\t\t\t\t\t<ul><li>Offering personalized service that meets the community's needs.<\/li><li>\u00a0Fostering a relationship of trust with the homeowners' association and the board of <span style=\"font-size: 16px; font-style: normal; font-weight: 400;\">directors.<\/span><\/li><li>Having a team of expert professionals in the various areas we work with.<\/li><\/ul>\t\t\t\t\t\t\t\t<\/div>\n\t\t\t\t<\/div>\n\t\t\t\t\t<\/div>\n\t\t\t\t<\/div>\n\t\t\t\t<section class=\"elementor-section elementor-top-section elementor-element elementor-element-a6a8252 elementor-section-content-top elementor-section-boxed elementor-section-height-default elementor-section-height-default\" data-id=\"a6a8252\" data-element_type=\"section\" data-e-type=\"section\" data-settings=\"{&quot;background_background&quot;:&quot;classic&quot;}\">\n\t\t\t\t\t\t\t<div class=\"elementor-background-overlay\"><\/div>\n\t\t\t\t\t\t\t<div class=\"elementor-container elementor-column-gap-no\">\n\t\t\t\t\t<div class=\"elementor-column elementor-col-100 elementor-top-column elementor-element elementor-element-297c277\" data-id=\"297c277\" data-element_type=\"column\" data-e-type=\"column\">\n\t\t\t<div class=\"elementor-widget-wrap elementor-element-populated\">\n\t\t\t\t\t\t<div class=\"elementor-element elementor-element-233bd4a elementor-widget elementor-widget-heading\" data-id=\"233bd4a\" data-element_type=\"widget\" data-e-type=\"widget\" data-widget_type=\"heading.default\">\n\t\t\t\t<div class=\"elementor-widget-container\">\n\t\t\t\t\t<h4 class=\"elementor-heading-title elementor-size-default\">Your peace of mind in the hands of professional.<\/h4>\t\t\t\t<\/div>\n\t\t\t\t<\/div>\n\t\t\t\t<div class=\"elementor-element elementor-element-53d6c45 elementor-widget elementor-widget-text-editor\" data-id=\"53d6c45\" data-element_type=\"widget\" data-e-type=\"widget\" data-widget_type=\"text-editor.default\">\n\t\t\t\t<div class=\"elementor-widget-container\">\n\t\t\t\t\t\t\t\t\t<p>At Northwestern Property Management, our team is the driving force behind every<br \/>successful project. With experience, commitment, and a focus on excellence, we<br \/>work together to provide efficient, transparent property management services\ncentered on our clients&#039; needs.<\/p>\t\t\t\t\t\t\t\t<\/div>\n\t\t\t\t<\/div>\n\t\t\t\t\t<\/div>\n\t\t<\/div>\n\t\t\t\t\t<\/div>\n\t\t<\/section>\n\t\t<div class=\"elementor-element elementor-element-36e0c6a4 e-flex e-con-boxed e-con e-parent\" data-id=\"36e0c6a4\" data-element_type=\"container\" data-e-type=\"container\" data-settings=\"{&quot;background_background&quot;:&quot;classic&quot;}\">\n\t\t\t\t\t<div class=\"e-con-inner\">\n\t\t<div class=\"elementor-element elementor-element-6956fd1 e-con-full e-flex e-con e-child\" data-id=\"6956fd1\" data-element_type=\"container\" data-e-type=\"container\">\n\t\t\t\t<div class=\"elementor-element elementor-element-779c5ee1 elementor-widget elementor-widget-heading\" data-id=\"779c5ee1\" data-element_type=\"widget\" data-e-type=\"widget\" data-widget_type=\"heading.default\">\n\t\t\t\t<div class=\"elementor-widget-container\">\n\t\t\t\t\t<h2 class=\"elementor-heading-title elementor-size-default\">OUR TEAM<\/h2>\t\t\t\t<\/div>\n\t\t\t\t<\/div>\n\t\t<div class=\"elementor-element elementor-element-5a4e5a85 e-flex e-con-boxed e-con e-child\" data-id=\"5a4e5a85\" data-element_type=\"container\" data-e-type=\"container\">\n\t\t\t\t\t<div class=\"e-con-inner\">\n\t\t<div class=\"elementor-element elementor-element-723c8122 e-con-full e-flex e-con e-child\" data-id=\"723c8122\" data-element_type=\"container\" data-e-type=\"container\">\n\t\t\t\t<div class=\"elementor-element elementor-element-217a21b8 elementor-widget elementor-widget-image\" data-id=\"217a21b8\" data-element_type=\"widget\" data-e-type=\"widget\" data-widget_type=\"image.default\">\n\t\t\t\t<div class=\"elementor-widget-container\">\n\t\t\t\t\t\t\t\t\t\t\t\t\t\t\t<img decoding=\"async\" width=\"500\" height=\"500\" src=\"https:\/\/northwesternpr.com\/wp-content\/uploads\/2025\/10\/500x500-2.png\" class=\"attachment-large size-large wp-image-777\" alt=\"500x500 (2)\" srcset=\"https:\/\/northwesternpr.com\/wp-content\/uploads\/2025\/10\/500x500-2.png 500w, https:\/\/northwesternpr.com\/wp-content\/uploads\/2025\/10\/500x500-2-300x300.png 300w, https:\/\/northwesternpr.com\/wp-content\/uploads\/2025\/10\/500x500-2-150x150.png 150w\" sizes=\"(max-width: 500px) 100vw, 500px\" \/>\t\t\t\t\t\t\t\t\t\t\t\t\t\t\t<\/div>\n\t\t\t\t<\/div>\n\t\t\t\t<div class=\"elementor-element elementor-element-53e79cfa elementor-widget elementor-widget-heading\" data-id=\"53e79cfa\" data-element_type=\"widget\" data-e-type=\"widget\" data-widget_type=\"heading.default\">\n\t\t\t\t<div class=\"elementor-widget-container\">\n\t\t\t\t\t<h4 class=\"elementor-heading-title elementor-size-default\">Orlando Loperena<\/h4>\t\t\t\t<\/div>\n\t\t\t\t<\/div>\n\t\t\t\t<div class=\"elementor-element elementor-element-6a2f7371 elementor-widget elementor-widget-heading\" data-id=\"6a2f7371\" data-element_type=\"widget\" data-e-type=\"widget\" data-widget_type=\"heading.default\">\n\t\t\t\t<div class=\"elementor-widget-container\">\n\t\t\t\t\t<h6 class=\"elementor-heading-title elementor-size-default\">Director of Finance\n<\/h6>\t\t\t\t<\/div>\n\t\t\t\t<\/div>\n\t\t\t\t<div class=\"elementor-element elementor-element-434bb741 elementor-widget elementor-widget-text-editor\" data-id=\"434bb741\" data-element_type=\"widget\" data-e-type=\"widget\" data-widget_type=\"text-editor.default\">\n\t\t\t\t<div class=\"elementor-widget-container\">\n\t\t\t\t\t\t\t\t\t<p>He has over 30 years of experience in finance, public accounting, and the\npreparation of state and federal tax returns. He has extensive experience\npreparing personal, business, and corporate financial statements. He also works\non estate and gift tax returns, business plans and financing proposals for\ncommercial, government, and federal banks.<\/p>\t\t\t\t\t\t\t\t<\/div>\n\t\t\t\t<\/div>\n\t\t\t\t<\/div>\n\t\t<div class=\"elementor-element elementor-element-2749b86f e-con-full e-flex e-con e-child\" data-id=\"2749b86f\" data-element_type=\"container\" data-e-type=\"container\">\n\t\t\t\t<div class=\"elementor-element elementor-element-6dcdc8ab elementor-widget elementor-widget-image\" data-id=\"6dcdc8ab\" data-element_type=\"widget\" data-e-type=\"widget\" data-widget_type=\"image.default\">\n\t\t\t\t<div class=\"elementor-widget-container\">\n\t\t\t\t\t\t\t\t\t\t\t\t\t\t\t<img decoding=\"async\" width=\"500\" height=\"500\" src=\"https:\/\/northwesternpr.com\/wp-content\/uploads\/2025\/10\/500x500-5.png\" class=\"attachment-large size-large wp-image-1011\" alt=\"500x500 (5)\" srcset=\"https:\/\/northwesternpr.com\/wp-content\/uploads\/2025\/10\/500x500-5.png 500w, https:\/\/northwesternpr.com\/wp-content\/uploads\/2025\/10\/500x500-5-300x300.png 300w, https:\/\/northwesternpr.com\/wp-content\/uploads\/2025\/10\/500x500-5-150x150.png 150w\" sizes=\"(max-width: 500px) 100vw, 500px\" \/>\t\t\t\t\t\t\t\t\t\t\t\t\t\t\t<\/div>\n\t\t\t\t<\/div>\n\t\t\t\t<div class=\"elementor-element elementor-element-23ccfd2a elementor-widget elementor-widget-heading\" data-id=\"23ccfd2a\" data-element_type=\"widget\" data-e-type=\"widget\" data-widget_type=\"heading.default\">\n\t\t\t\t<div class=\"elementor-widget-container\">\n\t\t\t\t\t<h4 class=\"elementor-heading-title elementor-size-default\">Luis Cruz <\/h4>\t\t\t\t<\/div>\n\t\t\t\t<\/div>\n\t\t\t\t<div class=\"elementor-element elementor-element-1a3ef451 elementor-widget elementor-widget-heading\" data-id=\"1a3ef451\" data-element_type=\"widget\" data-e-type=\"widget\" data-widget_type=\"heading.default\">\n\t\t\t\t<div class=\"elementor-widget-container\">\n\t\t\t\t\t<h6 class=\"elementor-heading-title elementor-size-default\">Operations Manager<\/h6>\t\t\t\t<\/div>\n\t\t\t\t<\/div>\n\t\t\t\t<div class=\"elementor-element elementor-element-72a0a0eb elementor-widget elementor-widget-text-editor\" data-id=\"72a0a0eb\" data-element_type=\"widget\" data-e-type=\"widget\" data-widget_type=\"text-editor.default\">\n\t\t\t\t<div class=\"elementor-widget-container\">\n\t\t\t\t\t\t\t\t\t<p>He has over 20 years of experience in public housing administration<br \/>in Puerto Rico, leading administrative, accounting, and operational areas. He has held managerial and executive positions and has also worked as a qualified<br \/>FEMA inspector. Under his management, he has achieved a comprehensive perspective and excellent leadership in the management of the communities he administers.<\/p>\t\t\t\t\t\t\t\t<\/div>\n\t\t\t\t<\/div>\n\t\t\t\t<\/div>\n\t\t<div class=\"elementor-element elementor-element-4208c08 e-con-full e-flex e-con e-child\" data-id=\"4208c08\" data-element_type=\"container\" data-e-type=\"container\">\n\t\t\t\t<div class=\"elementor-element elementor-element-2d1982ab elementor-widget elementor-widget-image\" data-id=\"2d1982ab\" data-element_type=\"widget\" data-e-type=\"widget\" data-widget_type=\"image.default\">\n\t\t\t\t<div class=\"elementor-widget-container\">\n\t\t\t\t\t\t\t\t\t\t\t\t\t\t\t<img loading=\"lazy\" decoding=\"async\" width=\"500\" height=\"500\" src=\"https:\/\/northwesternpr.com\/wp-content\/uploads\/2025\/11\/500x500-6.png\" class=\"attachment-large size-large wp-image-1259\" alt=\"500x500 (6)\" srcset=\"https:\/\/northwesternpr.com\/wp-content\/uploads\/2025\/11\/500x500-6.png 500w, https:\/\/northwesternpr.com\/wp-content\/uploads\/2025\/11\/500x500-6-300x300.png 300w, https:\/\/northwesternpr.com\/wp-content\/uploads\/2025\/11\/500x500-6-150x150.png 150w\" sizes=\"(max-width: 500px) 100vw, 500px\" \/>\t\t\t\t\t\t\t\t\t\t\t\t\t\t\t<\/div>\n\t\t\t\t<\/div>\n\t\t\t\t<div class=\"elementor-element elementor-element-737ea7ec elementor-widget elementor-widget-heading\" data-id=\"737ea7ec\" data-element_type=\"widget\" data-e-type=\"widget\" data-widget_type=\"heading.default\">\n\t\t\t\t<div class=\"elementor-widget-container\">\n\t\t\t\t\t<h4 class=\"elementor-heading-title elementor-size-default\">Iv\u00e1n Ram\u00edrez<\/h4>\t\t\t\t<\/div>\n\t\t\t\t<\/div>\n\t\t\t\t<div class=\"elementor-element elementor-element-794c191c elementor-widget elementor-widget-heading\" data-id=\"794c191c\" data-element_type=\"widget\" data-e-type=\"widget\" data-widget_type=\"heading.default\">\n\t\t\t\t<div class=\"elementor-widget-container\">\n\t\t\t\t\t<h6 class=\"elementor-heading-title elementor-size-default\">Communications and Marketing Manager<\/h6>\t\t\t\t<\/div>\n\t\t\t\t<\/div>\n\t\t\t\t<div class=\"elementor-element elementor-element-1ec51a78 elementor-widget elementor-widget-text-editor\" data-id=\"1ec51a78\" data-element_type=\"widget\" data-e-type=\"widget\" data-widget_type=\"text-editor.default\">\n\t\t\t\t<div class=\"elementor-widget-container\">\n\t\t\t\t\t\t\t\t\t<p>With over 25 years of experience in marketing, advertising, special events, and corporate communications, he has led successful advertising projects and campaigns for clients in Puerto Rico and<br \/>the U.S. Hispanic market, working with renowned brands such as Budweiser, JetBlue, AT&amp;T, Caterpillar, Hershey, Bacardi, Verizon, Ford Motor Company, and Mitsubishi, among others. He has\nbeen recognized twice with the Excel Award from the Puerto Rico Public Relations Association, highlighting his commitment to excellence and results.<\/p>\t\t\t\t\t\t\t\t<\/div>\n\t\t\t\t<\/div>\n\t\t\t\t<\/div>\n\t\t\t\t\t<\/div>\n\t\t\t\t<\/div>\n\t\t\t\t<\/div>\n\t\t\t\t\t<\/div>\n\t\t\t\t<\/div>\n\t\t\t\t<\/div>","protected":false},"excerpt":{"rendered":"<p>Equipo Conoce al equipo que hace la diferencia Nuestro equipo de trabajo posee m\u00e1s de 50 a\u00f1os de experiencia combinada en laadministraci\u00f3n de condominios, en servicios de contabilidad, seguridad, atenci\u00f3n alcliente, en el manejo de suplidores externos, as\u00ed como en el mantenimiento de lasfacilidades comunes y vecinales. Atendemos las necesidades de la comunidad y nos [&hellip;]<\/p>\n","protected":false},"author":1,"featured_media":0,"parent":0,"menu_order":0,"comment_status":"closed","ping_status":"closed","template":"","meta":{"_uag_custom_page_level_css":"","site-sidebar-layout":"no-sidebar","site-content-layout":"page-builder","ast-site-content-layout":"full-width-container","site-content-style":"unboxed","site-sidebar-style":"unboxed","ast-global-header-display":"","ast-banner-title-visibility":"","ast-main-header-display":"","ast-hfb-above-header-display":"","ast-hfb-below-header-display":"","ast-hfb-mobile-header-display":"","site-post-title":"disabled","ast-breadcrumbs-content":"","ast-featured-img":"disabled","footer-sml-layout":"","theme-transparent-header-meta":"","adv-header-id-meta":"","stick-header-meta":"","header-above-stick-meta":"","header-main-stick-meta":"","header-below-stick-meta":"","astra-migrate-meta-layouts":"set","ast-page-background-enabled":"default","ast-page-background-meta":{"desktop":{"background-color":"","background-image":"","background-repeat":"repeat","background-position":"center center","background-size":"auto","background-attachment":"scroll","background-type":"","background-media":"","overlay-type":"","overlay-color":"","overlay-opacity":"","overlay-gradient":""},"tablet":{"background-color":"","background-image":"","background-repeat":"repeat","background-position":"center center","background-size":"auto","background-attachment":"scroll","background-type":"","background-media":"","overlay-type":"","overlay-color":"","overlay-opacity":"","overlay-gradient":""},"mobile":{"background-color":"","background-image":"","background-repeat":"repeat","background-position":"center center","background-size":"auto","background-attachment":"scroll","background-type":"","background-media":"","overlay-type":"","overlay-color":"","overlay-opacity":"","overlay-gradient":""}},"ast-content-background-meta":{"desktop":{"background-color":"var(--ast-global-color-5)","background-image":"","background-repeat":"repeat","background-position":"center center","background-size":"auto","background-attachment":"scroll","background-type":"","background-media":"","overlay-type":"","overlay-color":"","overlay-opacity":"","overlay-gradient":""},"tablet":{"background-color":"var(--ast-global-color-5)","background-image":"","background-repeat":"repeat","background-position":"center center","background-size":"auto","background-attachment":"scroll","background-type":"","background-media":"","overlay-type":"","overlay-color":"","overlay-opacity":"","overlay-gradient":""},"mobile":{"background-color":"var(--ast-global-color-5)","background-image":"","background-repeat":"repeat","background-position":"center center","background-size":"auto","background-attachment":"scroll","background-type":"","background-media":"","overlay-type":"","overlay-color":"","overlay-opacity":"","overlay-gradient":""}},"footnotes":""},"class_list":["post-797","page","type-page","status-publish","hentry"],"uagb_featured_image_src":{"full":false,"thumbnail":false,"medium":false,"medium_large":false,"large":false,"1536x1536":false,"2048x2048":false,"trp-custom-language-flag":false},"uagb_author_info":{"display_name":"prwebpage@gmail.com","author_link":"https:\/\/northwesternpr.com\/en\/author\/prwebpagegmail-com\/"},"uagb_comment_info":0,"uagb_excerpt":"Equipo Conoce al equipo que hace la diferencia Nuestro equipo de trabajo posee m\u00e1s de 50 a\u00f1os de experiencia combinada en laadministraci\u00f3n de condominios, en servicios de contabilidad, seguridad, atenci\u00f3n alcliente, en el manejo de suplidores externos, as\u00ed como en el mantenimiento de lasfacilidades comunes y vecinales. Atendemos las necesidades de la comunidad y nos&hellip;","_links":{"self":[{"href":"https:\/\/northwesternpr.com\/en\/wp-json\/wp\/v2\/pages\/797","targetHints":{"allow":["GET"]}}],"collection":[{"href":"https:\/\/northwesternpr.com\/en\/wp-json\/wp\/v2\/pages"}],"about":[{"href":"https:\/\/northwesternpr.com\/en\/wp-json\/wp\/v2\/types\/page"}],"author":[{"embeddable":true,"href":"https:\/\/northwesternpr.com\/en\/wp-json\/wp\/v2\/users\/1"}],"replies":[{"embeddable":true,"href":"https:\/\/northwesternpr.com\/en\/wp-json\/wp\/v2\/comments?post=797"}],"version-history":[{"count":127,"href":"https:\/\/northwesternpr.com\/en\/wp-json\/wp\/v2\/pages\/797\/revisions"}],"predecessor-version":[{"id":1288,"href":"https:\/\/northwesternpr.com\/en\/wp-json\/wp\/v2\/pages\/797\/revisions\/1288"}],"wp:attachment":[{"href":"https:\/\/northwesternpr.com\/en\/wp-json\/wp\/v2\/media?parent=797"}],"curies":[{"name":"wp","href":"https:\/\/api.w.org\/{rel}","templated":true}]}}