{"id":13,"date":"2025-10-03T20:11:50","date_gmt":"2025-10-03T20:11:50","guid":{"rendered":"https:\/\/northwesternpr.com\/services\/"},"modified":"2026-02-03T15:14:14","modified_gmt":"2026-02-03T15:14:14","slug":"servicios","status":"publish","type":"page","link":"https:\/\/northwesternpr.com\/en\/servicios\/","title":{"rendered":"SERVICES"},"content":{"rendered":"<div data-elementor-type=\"wp-page\" data-elementor-id=\"13\" class=\"elementor elementor-13\">\n\t\t\t\t<div class=\"elementor-element elementor-element-e94f533 e-flex e-con-boxed e-con e-parent\" data-id=\"e94f533\" data-element_type=\"container\" data-e-type=\"container\" data-settings=\"{&quot;background_background&quot;:&quot;classic&quot;}\">\n\t\t\t\t\t<div class=\"e-con-inner\">\n\t\t<div class=\"elementor-element elementor-element-dba8ee2 e-con-full e-flex e-con e-child\" data-id=\"dba8ee2\" data-element_type=\"container\" data-e-type=\"container\">\n\t\t\t\t<div class=\"elementor-element elementor-element-2d53483 elementor-widget-mobile__width-inherit elementor-widget elementor-widget-heading\" data-id=\"2d53483\" data-element_type=\"widget\" data-e-type=\"widget\" data-widget_type=\"heading.default\">\n\t\t\t\t<div class=\"elementor-widget-container\">\n\t\t\t\t\t<h1 class=\"elementor-heading-title elementor-size-default\">SERVICES<\/h1>\t\t\t\t<\/div>\n\t\t\t\t<\/div>\n\t\t\t\t<\/div>\n\t\t<div class=\"elementor-element elementor-element-a4a764a e-con-full e-flex e-con e-child\" data-id=\"a4a764a\" data-element_type=\"container\" data-e-type=\"container\">\n\t\t\t\t<div class=\"elementor-element elementor-element-2ada834 elementor-widget elementor-widget-image\" data-id=\"2ada834\" data-element_type=\"widget\" data-e-type=\"widget\" data-widget_type=\"image.default\">\n\t\t\t\t<div class=\"elementor-widget-container\">\n\t\t\t\t\t\t\t\t\t\t\t\t\t\t\t<img fetchpriority=\"high\" decoding=\"async\" width=\"700\" height=\"372\" src=\"https:\/\/northwesternpr.com\/wp-content\/uploads\/2025\/10\/700-15.png\" class=\"attachment-large size-large wp-image-647\" alt=\"700 (15)\" srcset=\"https:\/\/northwesternpr.com\/wp-content\/uploads\/2025\/10\/700-15.png 700w, https:\/\/northwesternpr.com\/wp-content\/uploads\/2025\/10\/700-15-300x159.png 300w\" sizes=\"(max-width: 700px) 100vw, 700px\" \/>\t\t\t\t\t\t\t\t\t\t\t\t\t\t\t<\/div>\n\t\t\t\t<\/div>\n\t\t\t\t<\/div>\n\t\t\t\t\t<\/div>\n\t\t\t\t<\/div>\n\t\t<div class=\"elementor-element elementor-element-52b525b e-flex e-con-boxed e-con e-parent\" data-id=\"52b525b\" data-element_type=\"container\" data-e-type=\"container\" data-settings=\"{&quot;background_background&quot;:&quot;classic&quot;}\">\n\t\t\t\t\t<div class=\"e-con-inner\">\n\t\t<div class=\"elementor-element elementor-element-1ad8614 e-con-full e-flex e-con e-child\" data-id=\"1ad8614\" data-element_type=\"container\" data-e-type=\"container\">\n\t\t<div class=\"elementor-element elementor-element-01e7b49 e-flex e-con-boxed e-con e-child\" data-id=\"01e7b49\" data-element_type=\"container\" data-e-type=\"container\">\n\t\t\t\t\t<div class=\"e-con-inner\">\n\t\t<div class=\"elementor-element elementor-element-dfbcbd1 e-con-full e-flex e-con e-child\" data-id=\"dfbcbd1\" data-element_type=\"container\" data-e-type=\"container\">\n\t\t\t\t<div class=\"elementor-element elementor-element-bf5884c elementor-widget elementor-widget-heading\" data-id=\"bf5884c\" data-element_type=\"widget\" data-e-type=\"widget\" data-widget_type=\"heading.default\">\n\t\t\t\t<div class=\"elementor-widget-container\">\n\t\t\t\t\t<h4 class=\"elementor-heading-title elementor-size-default\">Known how we can help you<\/h4>\t\t\t\t<\/div>\n\t\t\t\t<\/div>\n\t\t\t\t<\/div>\n\t\t<div class=\"elementor-element elementor-element-0c8230d e-con-full e-flex e-con e-child\" data-id=\"0c8230d\" data-element_type=\"container\" data-e-type=\"container\">\n\t\t\t\t<div class=\"elementor-element elementor-element-51f9cdc elementor-widget elementor-widget-text-editor\" data-id=\"51f9cdc\" data-element_type=\"widget\" data-e-type=\"widget\" data-widget_type=\"text-editor.default\">\n\t\t\t\t<div class=\"elementor-widget-container\">\n\t\t\t\t\t\t\t\t\t<p>At Northwestern Property Management, we simplify the management of your condominium, making it more transparent and efficient. Discover our services designed to keep your community organized and in top condition.<\/p>\t\t\t\t\t\t\t\t<\/div>\n\t\t\t\t<\/div>\n\t\t\t\t<\/div>\n\t\t\t\t\t<\/div>\n\t\t\t\t<\/div>\n\t\t\t\t<\/div>\n\t\t\t\t\t<\/div>\n\t\t\t\t<\/div>\n\t\t<div class=\"elementor-element elementor-element-6eb7e8c e-flex e-con-boxed e-con e-parent\" data-id=\"6eb7e8c\" data-element_type=\"container\" data-e-type=\"container\">\n\t\t\t\t\t<div class=\"e-con-inner\">\n\t\t<div class=\"elementor-element elementor-element-71389a7 e-con-full e-flex e-con e-child\" data-id=\"71389a7\" data-element_type=\"container\" data-e-type=\"container\">\n\t\t\t\t<div class=\"elementor-element elementor-element-1e69328 elementor-widget elementor-widget-heading\" data-id=\"1e69328\" data-element_type=\"widget\" data-e-type=\"widget\" data-widget_type=\"heading.default\">\n\t\t\t\t<div class=\"elementor-widget-container\">\n\t\t\t\t\t<h4 class=\"elementor-heading-title elementor-size-default\">Operations and Maintenance Area:<\/h4>\t\t\t\t<\/div>\n\t\t\t\t<\/div>\n\t\t\t\t<div class=\"elementor-element elementor-element-d57434a elementor-widget elementor-widget-text-editor\" data-id=\"d57434a\" data-element_type=\"widget\" data-e-type=\"widget\" data-widget_type=\"text-editor.default\">\n\t\t\t\t<div class=\"elementor-widget-container\">\n\t\t\t\t\t\t\t\t\t<ul><li>Periodic inspections of common areas and recreational facilities.<\/li><li>Coordination and supervision of external contractors.<\/li><li>Immediate response to breakdowns and emergencies.<\/li><li>Documentation, repair, and maintenance of the<br \/>condominium's operational needs.<\/li><li>Compliance with regulations, codes, and Law 129 of 2020.<\/li><li>Equipment inventory.<\/li><\/ul>\t\t\t\t\t\t\t\t<\/div>\n\t\t\t\t<\/div>\n\t\t\t\t<\/div>\n\t\t<div class=\"elementor-element elementor-element-39b9c44 e-con-full e-flex e-con e-child\" data-id=\"39b9c44\" data-element_type=\"container\" data-e-type=\"container\">\n\t\t\t\t<div class=\"elementor-element elementor-element-a31a76b elementor-widget elementor-widget-heading\" data-id=\"a31a76b\" data-element_type=\"widget\" data-e-type=\"widget\" data-widget_type=\"heading.default\">\n\t\t\t\t<div class=\"elementor-widget-container\">\n\t\t\t\t\t<h4 class=\"elementor-heading-title elementor-size-default\">Accounting and Finance:<\/h4>\t\t\t\t<\/div>\n\t\t\t\t<\/div>\n\t\t\t\t<div class=\"elementor-element elementor-element-baaa053 elementor-widget elementor-widget-text-editor\" data-id=\"baaa053\" data-element_type=\"widget\" data-e-type=\"widget\" data-widget_type=\"text-editor.default\">\n\t\t\t\t<div class=\"elementor-widget-container\">\n\t\t\t\t\t\t\t\t\t<ul><li>Budget preparation.<\/li><li>Monthly income and expense reports.<\/li><li>Records of weekly or monthly deposits.<\/li><li>Bank reconciliation.<\/li><li>Planillas de contribuci\u00f3n sobre ingresos estatales y federales.<\/li><li>State and federal payroll tax filings.<\/li><li>Financial statement preparation.<\/li><li>Internal audits of accounts receivable and accounts payable.<\/li><li>Financial consulting.<\/li><\/ul>\t\t\t\t\t\t\t\t<\/div>\n\t\t\t\t<\/div>\n\t\t\t\t<\/div>\n\t\t\t\t\t<\/div>\n\t\t\t\t<\/div>\n\t\t<div class=\"elementor-element elementor-element-b06d44d e-flex e-con-boxed e-con e-parent\" data-id=\"b06d44d\" data-element_type=\"container\" data-e-type=\"container\">\n\t\t\t\t\t<div class=\"e-con-inner\">\n\t\t<div class=\"elementor-element elementor-element-92880ab e-con-full e-flex e-con e-child\" data-id=\"92880ab\" data-element_type=\"container\" data-e-type=\"container\">\n\t\t\t\t<div class=\"elementor-element elementor-element-fb874bb elementor-widget elementor-widget-heading\" data-id=\"fb874bb\" data-element_type=\"widget\" data-e-type=\"widget\" data-widget_type=\"heading.default\">\n\t\t\t\t<div class=\"elementor-widget-container\">\n\t\t\t\t\t<h4 class=\"elementor-heading-title elementor-size-default\">Administrative Area:<\/h4>\t\t\t\t<\/div>\n\t\t\t\t<\/div>\n\t\t\t\t<div class=\"elementor-element elementor-element-e9b63d0 elementor-widget elementor-widget-text-editor\" data-id=\"e9b63d0\" data-element_type=\"widget\" data-e-type=\"widget\" data-widget_type=\"text-editor.default\">\n\t\t\t\t<div class=\"elementor-widget-container\">\n\t\t\t\t\t\t\t\t\t<ul><li>Comprehensive community management to ensure a safe, functional, and well-organized environment.<\/li><li>Coordination of meetings and assemblies with the homeowners' association and the board of directors.<\/li><li>Implementation of internal policies and regulations, in accordance with Law 129 of 2020.<\/li><li>Clear and transparent communication. Issuance of circulars, newsletters, notices and announcements.<\/li><\/ul>\t\t\t\t\t\t\t\t<\/div>\n\t\t\t\t<\/div>\n\t\t\t\t<\/div>\n\t\t<div class=\"elementor-element elementor-element-3d41005 e-con-full e-flex e-con e-child\" data-id=\"3d41005\" data-element_type=\"container\" data-e-type=\"container\">\n\t\t\t\t<div class=\"elementor-element elementor-element-928d8a8 elementor-widget elementor-widget-heading\" data-id=\"928d8a8\" data-element_type=\"widget\" data-e-type=\"widget\" data-widget_type=\"heading.default\">\n\t\t\t\t<div class=\"elementor-widget-container\">\n\t\t\t\t\t<h4 class=\"elementor-heading-title elementor-size-default\">Accounts Payable:<\/h4>\t\t\t\t<\/div>\n\t\t\t\t<\/div>\n\t\t\t\t<div class=\"elementor-element elementor-element-a0760a1 elementor-widget elementor-widget-text-editor\" data-id=\"a0760a1\" data-element_type=\"widget\" data-e-type=\"widget\" data-widget_type=\"text-editor.default\">\n\t\t\t\t<div class=\"elementor-widget-container\">\n\t\t\t\t\t\t\t\t\t<ul><li>Coordinate with the board of directors to authorize<br \/>larger payments.<\/li><li>Effectively manage payments to suppliers,<br \/>contractors, and essential service providers.<\/li><li>Maintain organized records of invoices, contracts, and receipts.<\/li><li>Prepare periodic accounts payable status reports for the board and account holders.\u00a0<\/li><\/ul>\t\t\t\t\t\t\t\t<\/div>\n\t\t\t\t<\/div>\n\t\t\t\t<\/div>\n\t\t\t\t\t<\/div>\n\t\t\t\t<\/div>\n\t\t<div class=\"elementor-element elementor-element-8d2b1df e-flex e-con-boxed e-con e-parent\" data-id=\"8d2b1df\" data-element_type=\"container\" data-e-type=\"container\">\n\t\t\t\t\t<div class=\"e-con-inner\">\n\t\t<div class=\"elementor-element elementor-element-3831556 e-con-full e-flex e-con e-child\" data-id=\"3831556\" data-element_type=\"container\" data-e-type=\"container\">\n\t\t\t\t<div class=\"elementor-element elementor-element-496e3df elementor-widget elementor-widget-heading\" data-id=\"496e3df\" data-element_type=\"widget\" data-e-type=\"widget\" data-widget_type=\"heading.default\">\n\t\t\t\t<div class=\"elementor-widget-container\">\n\t\t\t\t\t<h4 class=\"elementor-heading-title elementor-size-default\">Dues Collection:<\/h4>\t\t\t\t<\/div>\n\t\t\t\t<\/div>\n\t\t\t\t<div class=\"elementor-element elementor-element-22d450a elementor-widget elementor-widget-text-editor\" data-id=\"22d450a\" data-element_type=\"widget\" data-e-type=\"widget\" data-widget_type=\"text-editor.default\">\n\t\t\t\t<div class=\"elementor-widget-container\">\n\t\t\t\t\t\t\t\t\t<ul><li>Clear and structured processes to ensure the community&#039;s financial health.<\/li><li>Efficient collection and personalized follow-up for dues, special assessments, and fines.<\/li><li>Preparation and presentation of the aging report to the board of directors.<\/li><li>Integration of collection reports into the monthly and quarterly financial statements.<\/li><\/ul>\t\t\t\t\t\t\t\t<\/div>\n\t\t\t\t<\/div>\n\t\t\t\t<\/div>\n\t\t<div class=\"elementor-element elementor-element-dc8adf6 e-con-full e-flex e-con e-child\" data-id=\"dc8adf6\" data-element_type=\"container\" data-e-type=\"container\">\n\t\t\t\t<\/div>\n\t\t\t\t\t<\/div>\n\t\t\t\t<\/div>\n\t\t\t\t<section class=\"elementor-section elementor-top-section elementor-element elementor-element-wpipdx6 elementor-section-content-top elementor-section-boxed elementor-section-height-default elementor-section-height-default\" data-id=\"wpipdx6\" data-element_type=\"section\" data-e-type=\"section\" data-settings=\"{&quot;background_background&quot;:&quot;classic&quot;}\">\n\t\t\t\t\t\t\t<div class=\"elementor-background-overlay\"><\/div>\n\t\t\t\t\t\t\t<div class=\"elementor-container elementor-column-gap-no\">\n\t\t\t\t\t<div class=\"elementor-column elementor-col-100 elementor-top-column elementor-element elementor-element-5312e3d\" data-id=\"5312e3d\" data-element_type=\"column\" data-e-type=\"column\">\n\t\t\t<div class=\"elementor-widget-wrap elementor-element-populated\">\n\t\t\t\t\t\t<div class=\"elementor-element elementor-element-f8e2218 elementor-widget elementor-widget-heading\" data-id=\"f8e2218\" data-element_type=\"widget\" data-e-type=\"widget\" data-widget_type=\"heading.default\">\n\t\t\t\t<div class=\"elementor-widget-container\">\n\t\t\t\t\t<h2 class=\"elementor-heading-title elementor-size-default\">WE PROVIDE GUIDANCE<\/h2>\t\t\t\t<\/div>\n\t\t\t\t<\/div>\n\t\t\t\t\t<\/div>\n\t\t<\/div>\n\t\t\t\t\t<\/div>\n\t\t<\/section>\n\t\t\t\t<section class=\"elementor-section elementor-top-section elementor-element elementor-element-so2auuf elementor-section-content-middle elementor-section-boxed elementor-section-height-default elementor-section-height-default\" data-id=\"so2auuf\" data-element_type=\"section\" data-e-type=\"section\" data-settings=\"{&quot;background_background&quot;:&quot;classic&quot;}\">\n\t\t\t\t\t\t<div class=\"elementor-container elementor-column-gap-no\">\n\t\t\t\t\t<div class=\"elementor-column elementor-col-50 elementor-top-column elementor-element elementor-element-27a2e6f\" data-id=\"27a2e6f\" data-element_type=\"column\" data-e-type=\"column\">\n\t\t\t<div class=\"elementor-widget-wrap elementor-element-populated\">\n\t\t\t\t\t\t<div class=\"elementor-element elementor-element-2d03d06 elementor-widget elementor-widget-image\" data-id=\"2d03d06\" data-element_type=\"widget\" data-e-type=\"widget\" data-widget_type=\"image.default\">\n\t\t\t\t<div class=\"elementor-widget-container\">\n\t\t\t\t\t\t\t\t\t\t\t\t\t\t\t<img decoding=\"async\" width=\"600\" height=\"480\" src=\"https:\/\/northwesternpr.com\/wp-content\/uploads\/2025\/10\/600x480-3.png\" class=\"attachment-medium_large size-medium_large wp-image-873\" alt=\"600x480 (3)\" srcset=\"https:\/\/northwesternpr.com\/wp-content\/uploads\/2025\/10\/600x480-3.png 600w, https:\/\/northwesternpr.com\/wp-content\/uploads\/2025\/10\/600x480-3-300x240.png 300w\" sizes=\"(max-width: 600px) 100vw, 600px\" \/>\t\t\t\t\t\t\t\t\t\t\t\t\t\t\t<\/div>\n\t\t\t\t<\/div>\n\t\t\t\t\t<\/div>\n\t\t<\/div>\n\t\t\t\t<div class=\"elementor-column elementor-col-50 elementor-top-column elementor-element elementor-element-fc55efe\" data-id=\"fc55efe\" data-element_type=\"column\" data-e-type=\"column\">\n\t\t\t<div class=\"elementor-widget-wrap elementor-element-populated\">\n\t\t\t\t\t\t<div class=\"elementor-element elementor-element-f07ba44 elementor-widget elementor-widget-heading\" data-id=\"f07ba44\" data-element_type=\"widget\" data-e-type=\"widget\" data-widget_type=\"heading.default\">\n\t\t\t\t<div class=\"elementor-widget-container\">\n\t\t\t\t\t<h4 class=\"elementor-heading-title elementor-size-default\">At Northwestern Property Management, we guide you through the following areas:<\/h4>\t\t\t\t<\/div>\n\t\t\t\t<\/div>\n\t\t\t\t<div class=\"elementor-element elementor-element-a336775 elementor-widget elementor-widget-text-editor\" data-id=\"a336775\" data-element_type=\"widget\" data-e-type=\"widget\" data-widget_type=\"text-editor.default\">\n\t\t\t\t<div class=\"elementor-widget-container\">\n\t\t\t\t\t\t\t\t\t<ul><li><span style=\"font-size: 16px; font-style: normal; font-weight: 400;\">Fire Department Certification<\/span><\/li><li><span style=\"font-size: 16px; font-style: normal; font-weight: 400;\">Structural Issues<\/span><\/li><li><span style=\"font-size: 16px; font-style: normal; font-weight: 400;\">Pest Control<\/span><\/li><li><span style=\"font-size: 16px; font-style: normal; font-weight: 400;\">Elevator Certification<\/span><\/li><li><span style=\"font-size: 16px; font-style: normal; font-weight: 400;\">Leaks, Drips, Losses, and Water Infiltration<\/span><\/li><li><span style=\"font-size: 16px; font-style: normal; font-weight: 400;\">Complaints to AAA and LUMA<\/span><\/li><li><span style=\"font-size: 16px; font-style: normal; font-weight: 400;\">Preventive Maintenance Plan<\/span><\/li><li><span style=\"font-size: 16px; font-style: normal; font-weight: 400;\">Complaints to DACO<\/span><\/li><li><span style=\"font-size: 16px; font-style: normal; font-weight: 400;\">Change of Electricity Rate<\/span><\/li><li><span style=\"font-size: 16px; font-style: normal; font-weight: 400;\">Government Single Permit<\/span><\/li><\/ul>\t\t\t\t\t\t\t\t<\/div>\n\t\t\t\t<\/div>\n\t\t\t\t<div class=\"elementor-element elementor-element-e704196 elementor-widget elementor-widget-button\" data-id=\"e704196\" data-element_type=\"widget\" data-e-type=\"widget\" data-widget_type=\"button.default\">\n\t\t\t\t<div class=\"elementor-widget-container\">\n\t\t\t\t\t\t\t\t\t<div class=\"elementor-button-wrapper\">\n\t\t\t\t\t<a class=\"elementor-button elementor-button-link elementor-size-sm\" href=\"https:\/\/form.jotform.com\/260136010695854\">\n\t\t\t\t\t\t<span class=\"elementor-button-content-wrapper\">\n\t\t\t\t\t\t\t\t\t<span class=\"elementor-button-text\">request for services<\/span>\n\t\t\t\t\t<\/span>\n\t\t\t\t\t<\/a>\n\t\t\t\t<\/div>\n\t\t\t\t\t\t\t\t<\/div>\n\t\t\t\t<\/div>\n\t\t\t\t\t<\/div>\n\t\t<\/div>\n\t\t\t\t\t<\/div>\n\t\t<\/section>\n\t\t\t\t<\/div>","protected":false},"excerpt":{"rendered":"<p>Servicios Conoce como te podemos ayudar En Northwestern Property Management hacemos que la administraci\u00f3n de tu condominio sea m\u00e1s f\u00e1cil, transparente y eficiente. Descubre nuestros servicios dise\u00f1ados para mantener tu comunidad organizada y en las mejores condiciones. \u00c1rea Operacional y Mantenimiento: Inspecciones peri\u00f3dicas de \u00e1reas comunes\u00a0y facilidades recreativas. Coordinaci\u00f3n y supervisi\u00f3n de contratistas externos. Respuesta [&hellip;]<\/p>\n","protected":false},"author":1,"featured_media":0,"parent":0,"menu_order":0,"comment_status":"closed","ping_status":"closed","template":"","meta":{"_uag_custom_page_level_css":"","site-sidebar-layout":"no-sidebar","site-content-layout":"page-builder","ast-site-content-layout":"default","site-content-style":"default","site-sidebar-style":"default","ast-global-header-display":"","ast-banner-title-visibility":"","ast-main-header-display":"","ast-hfb-above-header-display":"","ast-hfb-below-header-display":"","ast-hfb-mobile-header-display":"","site-post-title":"disabled","ast-breadcrumbs-content":"","ast-featured-img":"disabled","footer-sml-layout":"","theme-transparent-header-meta":"","adv-header-id-meta":"","stick-header-meta":"","header-above-stick-meta":"","header-main-stick-meta":"","header-below-stick-meta":"","astra-migrate-meta-layouts":"default","ast-page-background-enabled":"default","ast-page-background-meta":{"desktop":{"background-color":"","background-image":"","background-repeat":"repeat","background-position":"center center","background-size":"auto","background-attachment":"scroll","background-type":"","background-media":"","overlay-type":"","overlay-color":"","overlay-opacity":"","overlay-gradient":""},"tablet":{"background-color":"","background-image":"","background-repeat":"repeat","background-position":"center center","background-size":"auto","background-attachment":"scroll","background-type":"","background-media":"","overlay-type":"","overlay-color":"","overlay-opacity":"","overlay-gradient":""},"mobile":{"background-color":"","background-image":"","background-repeat":"repeat","background-position":"center center","background-size":"auto","background-attachment":"scroll","background-type":"","background-media":"","overlay-type":"","overlay-color":"","overlay-opacity":"","overlay-gradient":""}},"ast-content-background-meta":{"desktop":{"background-color":"var(--ast-global-color-5)","background-image":"","background-repeat":"repeat","background-position":"center center","background-size":"auto","background-attachment":"scroll","background-type":"","background-media":"","overlay-type":"","overlay-color":"","overlay-opacity":"","overlay-gradient":""},"tablet":{"background-color":"var(--ast-global-color-5)","background-image":"","background-repeat":"repeat","background-position":"center center","background-size":"auto","background-attachment":"scroll","background-type":"","background-media":"","overlay-type":"","overlay-color":"","overlay-opacity":"","overlay-gradient":""},"mobile":{"background-color":"var(--ast-global-color-5)","background-image":"","background-repeat":"repeat","background-position":"center center","background-size":"auto","background-attachment":"scroll","background-type":"","background-media":"","overlay-type":"","overlay-color":"","overlay-opacity":"","overlay-gradient":""}},"footnotes":""},"class_list":["post-13","page","type-page","status-publish","hentry"],"uagb_featured_image_src":{"full":false,"thumbnail":false,"medium":false,"medium_large":false,"large":false,"1536x1536":false,"2048x2048":false,"trp-custom-language-flag":false},"uagb_author_info":{"display_name":"prwebpage@gmail.com","author_link":"https:\/\/northwesternpr.com\/en\/author\/prwebpagegmail-com\/"},"uagb_comment_info":0,"uagb_excerpt":"Servicios Conoce como te podemos ayudar En Northwestern Property Management hacemos que la administraci\u00f3n de tu condominio sea m\u00e1s f\u00e1cil, transparente y eficiente. Descubre nuestros servicios dise\u00f1ados para mantener tu comunidad organizada y en las mejores condiciones. \u00c1rea Operacional y Mantenimiento: Inspecciones peri\u00f3dicas de \u00e1reas comunes\u00a0y facilidades recreativas. Coordinaci\u00f3n y supervisi\u00f3n de contratistas externos. Respuesta&hellip;","_links":{"self":[{"href":"https:\/\/northwesternpr.com\/en\/wp-json\/wp\/v2\/pages\/13","targetHints":{"allow":["GET"]}}],"collection":[{"href":"https:\/\/northwesternpr.com\/en\/wp-json\/wp\/v2\/pages"}],"about":[{"href":"https:\/\/northwesternpr.com\/en\/wp-json\/wp\/v2\/types\/page"}],"author":[{"embeddable":true,"href":"https:\/\/northwesternpr.com\/en\/wp-json\/wp\/v2\/users\/1"}],"replies":[{"embeddable":true,"href":"https:\/\/northwesternpr.com\/en\/wp-json\/wp\/v2\/comments?post=13"}],"version-history":[{"count":175,"href":"https:\/\/northwesternpr.com\/en\/wp-json\/wp\/v2\/pages\/13\/revisions"}],"predecessor-version":[{"id":1340,"href":"https:\/\/northwesternpr.com\/en\/wp-json\/wp\/v2\/pages\/13\/revisions\/1340"}],"wp:attachment":[{"href":"https:\/\/northwesternpr.com\/en\/wp-json\/wp\/v2\/media?parent=13"}],"curies":[{"name":"wp","href":"https:\/\/api.w.org\/{rel}","templated":true}]}}